{"id":349,"date":"2019-09-19T17:28:30","date_gmt":"2019-09-19T15:28:30","guid":{"rendered":"https:\/\/nerja-taxis.net\/?page_id=349"},"modified":"2024-10-30T11:17:30","modified_gmt":"2024-10-30T10:17:30","slug":"aviso-legal","status":"publish","type":"page","link":"https:\/\/nerja-taxis.net\/es\/aviso-legal\/","title":{"rendered":"Aviso Legal"},"content":{"rendered":"\t\t<div data-elementor-type=\"wp-page\" data-elementor-id=\"349\" class=\"elementor elementor-349\" data-elementor-settings=\"[]\">\n\t\t\t<div class=\"elementor-inner\">\n\t\t\t\t<div class=\"elementor-section-wrap\">\n\t\t\t\t\t\t\t<section class=\"elementor-element elementor-element-2ed67f6 elementor-section-boxed elementor-section-height-default elementor-section-height-default elementor-section elementor-top-section\" data-id=\"2ed67f6\" data-element_type=\"section\">\n\t\t\t\t\t\t<div class=\"elementor-container elementor-column-gap-default\">\n\t\t\t\t<div class=\"elementor-row\">\n\t\t\t\t<div class=\"elementor-element elementor-element-f50d721 elementor-column elementor-col-100 elementor-top-column\" data-id=\"f50d721\" data-element_type=\"column\">\n\t\t\t<div class=\"elementor-column-wrap  elementor-element-populated\">\n\t\t\t\t\t<div class=\"elementor-widget-wrap\">\n\t\t\t\t<div class=\"elementor-element elementor-element-0d65b4d elementor-widget elementor-widget-heading\" data-id=\"0d65b4d\" data-element_type=\"widget\" data-widget_type=\"heading.default\">\n\t\t\t\t<div class=\"elementor-widget-container\">\n\t\t\t<h2 class=\"elementor-heading-title elementor-size-default\">Aviso Legal<\/h2>\t\t<\/div>\n\t\t\t\t<\/div>\n\t\t\t\t<div class=\"elementor-element elementor-element-1ff0b03 elementor-widget elementor-widget-divider\" data-id=\"1ff0b03\" data-element_type=\"widget\" data-widget_type=\"divider.default\">\n\t\t\t\t<div class=\"elementor-widget-container\">\n\t\t\t\t\t<div class=\"elementor-divider\">\n\t\t\t<span class=\"elementor-divider-separator\">\n\t\t\t\t\t\t<\/span>\n\t\t<\/div>\n\t\t\t\t<\/div>\n\t\t\t\t<\/div>\n\t\t\t\t<div class=\"elementor-element elementor-element-a7d2394 elementor-widget elementor-widget-text-editor\" data-id=\"a7d2394\" data-element_type=\"widget\" data-widget_type=\"text-editor.default\">\n\t\t\t\t<div class=\"elementor-widget-container\">\n\t\t\t\t\t<div class=\"elementor-text-editor elementor-clearfix\"><p>El presente documento tiene como finalidad el establecer y regular las normas de uso de este portal web , entendiendo por \u00e9ste todas las p\u00e1ginas y sus contenidos propiedad de NARIXA TRANSFER SL a las cuales se accede a trav\u00e9s del dominio www.nerja-taxis.net. La utilizaci\u00f3n del portal web atribuye la condici\u00f3n de usuario del mismo e implica la aceptaci\u00f3n de todas las condiciones incluidas en el presente Aviso Legal. El usuario se compromete a leer atentamente el presente Aviso Legal en cada una de las ocasiones en que se proponga utilizar nuestro portal web ya que \u00e9ste y sus condiciones de uso recogidas en el presente Aviso Legal pueden sufrir modificaciones.<\/p><p><b>DATOS IDENTIFICATIVOS<\/b><\/p><p>En cumplimiento con el deber de informaci\u00f3n recogido en art\u00edculo 10 de la Ley 34\/2002, de 11 de julio, de Servicios de la Sociedad de la Informaci\u00f3n y del Comercio Electr\u00f3nico, a continuaci\u00f3n se reflejan los siguientes datos:<\/p><p><b>El titular del presente sitio es:<\/b><\/p><p>Raz\u00f3n social: NARIXA TRANSFER SL (a partir de ahora NerjaTaxis) NIF\/CIF: B93594133 Domicilio: Calle Antonio Ferrandis , 12, Portal 1 1\u00b04, CP 29780 Nerja, M\u00e1laga Tel\u00e9fono: 603474444 Correo electr\u00f3nico: info@nerja-taxis.net Nombre del dominio: www.nerja-taxis.net<\/p><p><b>USUARIOS:<\/b><\/p><p>El acceso y\/o uso de este portal www.nerja-taxis.net atribuye la condici\u00f3n de USUARIO, que acepta, desde dicho acceso y\/o uso, las Condiciones Generales de Uso aqu\u00ed reflejadas. Las citadas Condiciones ser\u00e1n de aplicaci\u00f3n independientemente de las Condiciones Generales de Contrataci\u00f3n que en su caso resulten de obligado cumplimiento.<\/p><p><b>USO DEL PORTAL:<\/b> www.nerja-taxis.net proporciona el acceso a diversas informaciones sobre nuestra entidad, productos, modelos, servicios, apartados de contacto, posibles enlaces a redes sociales (en adelante, \u201clos contenidos\u201d) en internet pertenecientes a NARIXA TRANSFER SL o a sus licenciantes a los que el usuario pueda tener acceso. El usuario asume la responsabilidad del uso del portal.<\/p><p>Dicha responsabilidad se extiende al registro que fuese necesario para acceder a determinados servicios o contenidos, formalizar operaciones de compraventas, transacciones, contrataci\u00f3n o bien para posibilitar la respuesta en relaci\u00f3n a sus consultas en los apartados de contacto de la presente p\u00e1gina web, etc. En dicho registro el usuario ser\u00e1 responsable de aportar informaci\u00f3n veraz y l\u00edcita. NerjaTaxis por s\u00ed o como cesionaria, es titular de todos los derechos de propiedad intelectual e industrial de su p\u00e1gina web, as\u00ed como de los elementos contenidos en la misma (a t\u00edtulo enunciativo, im\u00e1genes, sonido, audio, v\u00eddeo, software o textos; marcas o logotipos, combinaciones de colores, estructura y dise\u00f1o, selecci\u00f3n de materiales usados, programas de ordenador necesarios para su funcionamiento, acceso y uso, etc.), titularidad de NerjaTaxis todos los derechos reservados.<\/p><p>En virtud de lo dispuesto en los art\u00edculos 8 y 32.1, p\u00e1rrafo segundo, de la Ley de Propiedad Intelectual, quedan expresamente prohibidas la reproducci\u00f3n, la distribuci\u00f3n y la comunicaci\u00f3n p\u00fablica, incluida su modalidad de puesta a disposici\u00f3n, de la totalidad o parte de los contenidos de esta p\u00e1gina web, con fines comerciales, en cualquier soporte y por cualquier medio t\u00e9cnico, sin la autorizaci\u00f3n de NerjaTaxis. El usuario se compromete a respetar los derechos de Propiedad Intelectual e Industrial titularidad de NerjaTaxis. La utilizaci\u00f3n no autorizada de la informaci\u00f3n contenida en este Sitio, as\u00ed como los perjuicios ocasionados en los derechos de propiedad intelectual e industrial de NerjaTaxis pueden dar lugar al ejercicio de las acciones que legalmente correspondan y, si procede, a las responsabilidades que de dicho ejercicio se deriven.<\/p><p><b>EXCLUSI\u00d3N DE GARANT\u00cdAS Y RESPONSABILIDAD:<\/b> NerjaTaxis no se hace responsable, en ning\u00fan caso, de los da\u00f1os y perjuicios de cualquier naturaleza que pudieran ocasionar, a t\u00edtulo enunciativo: errores u omisiones en los contenidos, falta de disponibilidad del portal o la transmisi\u00f3n de virus o programas maliciosos o lesivos en los contenidos, a pesar de haber adoptado todas las medidas tecnol\u00f3gicas necesarias para evitarlo.<\/p><p>El contenido, informaci\u00f3n y\/o consejos expresados en este portal web deben entenderse como simplemente orientativos. NerjaTaxis no responde de ninguna forma de la efectividad o exactitud de los mismos, quedando exenta de cualquier responsabilidad con los usuarios que haga uso de ellos, ya que son \u00e9stas las que deber\u00e1n decidir seg\u00fan su criterio la oportunidad de los mismos. En este Sitio se pueden publicar contenidos y comentarios aportados por terceras personas. NerjaTaxis no responde de la veracidad y exactitud de los mismos, quedando exenta de cualquier responsabilidad con los usuarios que hagan uso de ellos.<\/p><p>NerjaTaxis se reserva el derecho de modificar el contenido del Sitio sin previo aviso y sin ning\u00fan tipo de limitaci\u00f3n. As\u00ed mismo la empresa declina cualquier responsabilidad por los eventuales da\u00f1os y perjuicios que puedan ocasionarse por la falta de disponibilidad y\/o continuidad de este Sitio y de los servicios que se ofrecen en \u00e9l. As\u00ed mismo, tampoco podemos garantizar la ausencia de virus ni de otros elementos en la Web que puedan producir alteraciones en su sistema inform\u00e1tico .<\/p><p>NerjaTaxis declina cualquier responsabilidad por los servicios y\/o informaci\u00f3n que se preste en otros sitios enlazados con este, ya que no controla ni ejerce ning\u00fan tipo de supervisi\u00f3n en Sitios Webs de terceros. Aconsejamos a los usuarios de los mismos a actuar con prudencia y consultar las eventuales condiciones legales que se expongan en dichas Webs. As\u00ed mismo los Usuarios que remitan cualquier tipo de informaci\u00f3n a NerjaTaxis se comprometen a que la misma sea veraz y que no vulnere cualquier derecho de terceros ni la legalidad vigente.<\/p><p>Si ud. cree que cualquier contenido y\/o informaci\u00f3n de este Sitio vulnera un derecho leg\u00edtimo o la legalidad vigente le agradecer\u00edamos que se pusiera en contacto con NerjaTaxis para que podamos tomar las medidas oportunas.<\/p><p><b>MODIFICACIONES:<\/b> NerjaTaxis se reserva el derecho de efectuar sin previo aviso las modificaciones que considere oportunas en su portal, pudiendo cambiar, suprimir o a\u00f1adir tanto los contenidos y servicios que se presten a trav\u00e9s de la misma como la forma en la que \u00e9stos aparezcan presentados o localizados en su portal.<\/p><p><b>DERECHO DE EXCLUSI\u00d3N:<\/b> NerjaTaxis se reserva el derecho a denegar o retirar el acceso a portal y\/o los servicios ofrecidos sin necesidad de preaviso, a instancia propia o de un tercero, a aquellos usuarios que incumplan las presentes Condiciones Generales de Uso.<\/p><p><b>GENERALIDADES:<\/b> NerjaTaxis perseguir\u00e1 el incumplimiento de las presentes condiciones as\u00ed como cualquier utilizaci\u00f3n indebida de su portal ejerciendo todas las acciones civiles y penales que le puedan corresponder en derecho.<\/p><p><b>LEGISLACI\u00d3N APLICABLE:<\/b> El presente Aviso Legal se rige en todos y cada uno de sus extremos por la legislaci\u00f3n espa\u00f1ola.<\/p><p><b>LEGISLACI\u00d3N APLICABLE Y JURISDICCI\u00d3N:<\/b> La relaci\u00f3n entre NerjaTaxis y el usuario se regir\u00e1 por la normativa espa\u00f1ola vigente y cualquier controversia se someter\u00e1 a los Juzgados y tribunales de la ciudad de Nerja<\/p><\/div>\n\t\t\t\t<\/div>\n\t\t\t\t<\/div>\n\t\t\t\t\t\t<\/div>\n\t\t\t<\/div>\n\t\t<\/div>\n\t\t\t\t\t\t<\/div>\n\t\t\t<\/div>\n\t\t<\/section>\n\t\t\t\t\t\t<\/div>\n\t\t\t<\/div>\n\t\t<\/div>\n\t\t","protected":false},"excerpt":{"rendered":"<p>Aviso Legal El presente documento tiene como finalidad el establecer y regular las normas de uso de este portal web , entendiendo por \u00e9ste todas las p\u00e1ginas y sus contenidos propiedad de NARIXA TRANSFER SL a las cuales se accede a trav\u00e9s del dominio www.nerja-taxis.net. La utilizaci\u00f3n del portal web atribuye la condici\u00f3n de usuario [&hellip;]<\/p>\n","protected":false},"author":1,"featured_media":0,"parent":0,"menu_order":0,"comment_status":"closed","ping_status":"closed","template":"","meta":{"site-sidebar-layout":"no-sidebar","site-content-layout":"page-builder","ast-site-content-layout":"","site-content-style":"default","site-sidebar-style":"default","ast-global-header-display":"","ast-banner-title-visibility":"","ast-main-header-display":"","ast-hfb-above-header-display":"","ast-hfb-below-header-display":"","ast-hfb-mobile-header-display":"","site-post-title":"disabled","ast-breadcrumbs-content":"","ast-featured-img":"disabled","footer-sml-layout":"","theme-transparent-header-meta":"disabled","adv-header-id-meta":"","stick-header-meta":"","header-above-stick-meta":"","header-main-stick-meta":"","header-below-stick-meta":"","astra-migrate-meta-layouts":"default","ast-page-background-enabled":"default","ast-page-background-meta":{"desktop":{"background-color":"var(--ast-global-color-4)","background-image":"","background-repeat":"repeat","background-position":"center center","background-size":"auto","background-attachment":"scroll","background-type":"","background-media":"","overlay-type":"","overlay-color":"","overlay-opacity":"","overlay-gradient":""},"tablet":{"background-color":"","background-image":"","background-repeat":"repeat","background-position":"center center","background-size":"auto","background-attachment":"scroll","background-type":"","background-media":"","overlay-type":"","overlay-color":"","overlay-opacity":"","overlay-gradient":""},"mobile":{"background-color":"","background-image":"","background-repeat":"repeat","background-position":"center center","background-size":"auto","background-attachment":"scroll","background-type":"","background-media":"","overlay-type":"","overlay-color":"","overlay-opacity":"","overlay-gradient":""}},"ast-content-background-meta":{"desktop":{"background-color":"var(--ast-global-color-5)","background-image":"","background-repeat":"repeat","background-position":"center center","background-size":"auto","background-attachment":"scroll","background-type":"","background-media":"","overlay-type":"","overlay-color":"","overlay-opacity":"","overlay-gradient":""},"tablet":{"background-color":"var(--ast-global-color-5)","background-image":"","background-repeat":"repeat","background-position":"center center","background-size":"auto","background-attachment":"scroll","background-type":"","background-media":"","overlay-type":"","overlay-color":"","overlay-opacity":"","overlay-gradient":""},"mobile":{"background-color":"var(--ast-global-color-5)","background-image":"","background-repeat":"repeat","background-position":"center center","background-size":"auto","background-attachment":"scroll","background-type":"","background-media":"","overlay-type":"","overlay-color":"","overlay-opacity":"","overlay-gradient":""}},"footnotes":""},"class_list":["post-349","page","type-page","status-publish","hentry"],"yoast_head":"<!-- This site is optimized with the Yoast SEO plugin v26.4 - https:\/\/yoast.com\/wordpress\/plugins\/seo\/ -->\n<title>Aviso Legal - Nerja Taxis<\/title>\n<meta name=\"robots\" content=\"noindex, nofollow\" \/>\n<meta property=\"og:locale\" content=\"es_ES\" \/>\n<meta property=\"og:type\" content=\"article\" \/>\n<meta property=\"og:title\" content=\"Aviso Legal - Nerja Taxis\" \/>\n<meta property=\"og:description\" content=\"Aviso Legal El presente documento tiene como finalidad el establecer y regular las normas de uso de este portal web , entendiendo por \u00e9ste todas las p\u00e1ginas y sus contenidos propiedad de NARIXA TRANSFER SL a las cuales se accede a trav\u00e9s del dominio www.nerja-taxis.net. La utilizaci\u00f3n del portal web atribuye la condici\u00f3n de usuario [&hellip;]\" \/>\n<meta property=\"og:url\" content=\"https:\/\/nerja-taxis.net\/es\/aviso-legal\/\" \/>\n<meta property=\"og:site_name\" content=\"Nerja Taxis\" \/>\n<meta property=\"article:modified_time\" content=\"2024-10-30T10:17:30+00:00\" \/>\n<meta name=\"twitter:card\" content=\"summary_large_image\" \/>\n<meta name=\"twitter:label1\" content=\"Tiempo de lectura\" \/>\n\t<meta name=\"twitter:data1\" content=\"6 minutos\" \/>\n<script type=\"application\/ld+json\" class=\"yoast-schema-graph\">{\"@context\":\"https:\/\/schema.org\",\"@graph\":[{\"@type\":\"WebPage\",\"@id\":\"https:\/\/nerja-taxis.net\/es\/aviso-legal\/\",\"url\":\"https:\/\/nerja-taxis.net\/es\/aviso-legal\/\",\"name\":\"Aviso Legal - Nerja Taxis\",\"isPartOf\":{\"@id\":\"https:\/\/nerja-taxis.net\/es\/#website\"},\"datePublished\":\"2019-09-19T15:28:30+00:00\",\"dateModified\":\"2024-10-30T10:17:30+00:00\",\"breadcrumb\":{\"@id\":\"https:\/\/nerja-taxis.net\/es\/aviso-legal\/#breadcrumb\"},\"inLanguage\":\"es\",\"potentialAction\":[{\"@type\":\"ReadAction\",\"target\":[\"https:\/\/nerja-taxis.net\/es\/aviso-legal\/\"]}]},{\"@type\":\"BreadcrumbList\",\"@id\":\"https:\/\/nerja-taxis.net\/es\/aviso-legal\/#breadcrumb\",\"itemListElement\":[{\"@type\":\"ListItem\",\"position\":1,\"name\":\"Portada\",\"item\":\"https:\/\/nerja-taxis.net\/es\/\"},{\"@type\":\"ListItem\",\"position\":2,\"name\":\"Aviso Legal\"}]},{\"@type\":\"WebSite\",\"@id\":\"https:\/\/nerja-taxis.net\/es\/#website\",\"url\":\"https:\/\/nerja-taxis.net\/es\/\",\"name\":\"Nerja Taxis\",\"description\":\"\",\"publisher\":{\"@id\":\"https:\/\/nerja-taxis.net\/es\/#organization\"},\"potentialAction\":[{\"@type\":\"SearchAction\",\"target\":{\"@type\":\"EntryPoint\",\"urlTemplate\":\"https:\/\/nerja-taxis.net\/es\/?s={search_term_string}\"},\"query-input\":{\"@type\":\"PropertyValueSpecification\",\"valueRequired\":true,\"valueName\":\"search_term_string\"}}],\"inLanguage\":\"es\"},{\"@type\":\"Organization\",\"@id\":\"https:\/\/nerja-taxis.net\/es\/#organization\",\"name\":\"Nerja Taxis\",\"url\":\"https:\/\/nerja-taxis.net\/es\/\",\"logo\":{\"@type\":\"ImageObject\",\"inLanguage\":\"es\",\"@id\":\"https:\/\/nerja-taxis.net\/es\/#\/schema\/logo\/image\/\",\"url\":\"https:\/\/nerja-taxis.net\/wp-content\/uploads\/2019\/09\/logo-Nerja-Taxis-blanco.png\",\"contentUrl\":\"https:\/\/nerja-taxis.net\/wp-content\/uploads\/2019\/09\/logo-Nerja-Taxis-blanco.png\",\"width\":250,\"height\":115,\"caption\":\"Nerja Taxis\"},\"image\":{\"@id\":\"https:\/\/nerja-taxis.net\/es\/#\/schema\/logo\/image\/\"}}]}<\/script>\n<!-- \/ Yoast SEO plugin. -->","yoast_head_json":{"title":"Aviso Legal - Nerja Taxis","robots":{"index":"noindex","follow":"nofollow"},"og_locale":"es_ES","og_type":"article","og_title":"Aviso Legal - Nerja Taxis","og_description":"Aviso Legal El presente documento tiene como finalidad el establecer y regular las normas de uso de este portal web , entendiendo por \u00e9ste todas las p\u00e1ginas y sus contenidos propiedad de NARIXA TRANSFER SL a las cuales se accede a trav\u00e9s del dominio www.nerja-taxis.net. La utilizaci\u00f3n del portal web atribuye la condici\u00f3n de usuario [&hellip;]","og_url":"https:\/\/nerja-taxis.net\/es\/aviso-legal\/","og_site_name":"Nerja Taxis","article_modified_time":"2024-10-30T10:17:30+00:00","twitter_card":"summary_large_image","twitter_misc":{"Tiempo de lectura":"6 minutos"},"schema":{"@context":"https:\/\/schema.org","@graph":[{"@type":"WebPage","@id":"https:\/\/nerja-taxis.net\/es\/aviso-legal\/","url":"https:\/\/nerja-taxis.net\/es\/aviso-legal\/","name":"Aviso Legal - Nerja Taxis","isPartOf":{"@id":"https:\/\/nerja-taxis.net\/es\/#website"},"datePublished":"2019-09-19T15:28:30+00:00","dateModified":"2024-10-30T10:17:30+00:00","breadcrumb":{"@id":"https:\/\/nerja-taxis.net\/es\/aviso-legal\/#breadcrumb"},"inLanguage":"es","potentialAction":[{"@type":"ReadAction","target":["https:\/\/nerja-taxis.net\/es\/aviso-legal\/"]}]},{"@type":"BreadcrumbList","@id":"https:\/\/nerja-taxis.net\/es\/aviso-legal\/#breadcrumb","itemListElement":[{"@type":"ListItem","position":1,"name":"Portada","item":"https:\/\/nerja-taxis.net\/es\/"},{"@type":"ListItem","position":2,"name":"Aviso Legal"}]},{"@type":"WebSite","@id":"https:\/\/nerja-taxis.net\/es\/#website","url":"https:\/\/nerja-taxis.net\/es\/","name":"Nerja Taxis","description":"","publisher":{"@id":"https:\/\/nerja-taxis.net\/es\/#organization"},"potentialAction":[{"@type":"SearchAction","target":{"@type":"EntryPoint","urlTemplate":"https:\/\/nerja-taxis.net\/es\/?s={search_term_string}"},"query-input":{"@type":"PropertyValueSpecification","valueRequired":true,"valueName":"search_term_string"}}],"inLanguage":"es"},{"@type":"Organization","@id":"https:\/\/nerja-taxis.net\/es\/#organization","name":"Nerja Taxis","url":"https:\/\/nerja-taxis.net\/es\/","logo":{"@type":"ImageObject","inLanguage":"es","@id":"https:\/\/nerja-taxis.net\/es\/#\/schema\/logo\/image\/","url":"https:\/\/nerja-taxis.net\/wp-content\/uploads\/2019\/09\/logo-Nerja-Taxis-blanco.png","contentUrl":"https:\/\/nerja-taxis.net\/wp-content\/uploads\/2019\/09\/logo-Nerja-Taxis-blanco.png","width":250,"height":115,"caption":"Nerja Taxis"},"image":{"@id":"https:\/\/nerja-taxis.net\/es\/#\/schema\/logo\/image\/"}}]}},"_links":{"self":[{"href":"https:\/\/nerja-taxis.net\/es\/wp-json\/wp\/v2\/pages\/349","targetHints":{"allow":["GET"]}}],"collection":[{"href":"https:\/\/nerja-taxis.net\/es\/wp-json\/wp\/v2\/pages"}],"about":[{"href":"https:\/\/nerja-taxis.net\/es\/wp-json\/wp\/v2\/types\/page"}],"author":[{"embeddable":true,"href":"https:\/\/nerja-taxis.net\/es\/wp-json\/wp\/v2\/users\/1"}],"replies":[{"embeddable":true,"href":"https:\/\/nerja-taxis.net\/es\/wp-json\/wp\/v2\/comments?post=349"}],"version-history":[{"count":5,"href":"https:\/\/nerja-taxis.net\/es\/wp-json\/wp\/v2\/pages\/349\/revisions"}],"predecessor-version":[{"id":907,"href":"https:\/\/nerja-taxis.net\/es\/wp-json\/wp\/v2\/pages\/349\/revisions\/907"}],"wp:attachment":[{"href":"https:\/\/nerja-taxis.net\/es\/wp-json\/wp\/v2\/media?parent=349"}],"curies":[{"name":"wp","href":"https:\/\/api.w.org\/{rel}","templated":true}]}}